{"id":257,"date":"2023-08-17T19:13:40","date_gmt":"2023-08-17T19:13:40","guid":{"rendered":"https:\/\/dfdentalcare.com\/?page_id=257"},"modified":"2023-08-18T01:18:31","modified_gmt":"2023-08-18T01:18:31","slug":"blog","status":"publish","type":"page","link":"https:\/\/dfdentalcare.com\/index.php\/blog\/","title":{"rendered":"Blog"},"content":{"rendered":"\t\t<div data-elementor-type=\"wp-page\" data-elementor-id=\"257\" class=\"elementor elementor-257\" data-elementor-post-type=\"page\">\n\t\t\t\t\t\t\t\t\t<section class=\"elementor-section elementor-top-section elementor-element elementor-element-7be500c2 elementor-section-boxed elementor-section-height-default elementor-section-height-default\" data-id=\"7be500c2\" data-element_type=\"section\" data-settings=\"{&quot;background_background&quot;:&quot;classic&quot;,&quot;ekit_has_onepagescroll_dot&quot;:&quot;yes&quot;}\">\n\t\t\t\t\t\t\t<div class=\"elementor-background-overlay\"><\/div>\n\t\t\t\t\t\t\t<div class=\"elementor-container elementor-column-gap-default\">\n\t\t\t\t\t<div class=\"elementor-column elementor-col-100 elementor-top-column elementor-element elementor-element-4a539f3d\" data-id=\"4a539f3d\" data-element_type=\"column\">\n\t\t\t<div class=\"elementor-widget-wrap elementor-element-populated\">\n\t\t\t\t\t\t\t\t\t<\/div>\n\t\t<\/div>\n\t\t\t\t\t\t\t<\/div>\n\t\t<\/section>\n\t\t\t\t<section class=\"elementor-section elementor-top-section elementor-element elementor-element-210f559d elementor-section-boxed elementor-section-height-default elementor-section-height-default\" data-id=\"210f559d\" data-element_type=\"section\" data-settings=\"{&quot;ekit_has_onepagescroll_dot&quot;:&quot;yes&quot;}\">\n\t\t\t\t\t\t<div class=\"elementor-container elementor-column-gap-default\">\n\t\t\t\t\t<div class=\"elementor-column elementor-col-100 elementor-top-column elementor-element elementor-element-5ab8e92c\" data-id=\"5ab8e92c\" data-element_type=\"column\">\n\t\t\t<div class=\"elementor-widget-wrap elementor-element-populated\">\n\t\t\t\t\t\t\t\t<section class=\"elementor-section elementor-inner-section elementor-element elementor-element-c5246c2 elementor-section-boxed elementor-section-height-default elementor-section-height-default\" data-id=\"c5246c2\" data-element_type=\"section\" data-settings=\"{&quot;ekit_has_onepagescroll_dot&quot;:&quot;yes&quot;}\">\n\t\t\t\t\t\t<div class=\"elementor-container elementor-column-gap-no\">\n\t\t\t\t\t<div class=\"elementor-column elementor-col-100 elementor-inner-column elementor-element elementor-element-70234f2\" data-id=\"70234f2\" data-element_type=\"column\">\n\t\t\t<div class=\"elementor-widget-wrap elementor-element-populated\">\n\t\t\t\t\t\t\t\t<div class=\"elementor-element elementor-element-cd7b11c elementor-widget elementor-widget-heading\" data-id=\"cd7b11c\" data-element_type=\"widget\" data-settings=\"{&quot;ekit_we_effect_on&quot;:&quot;none&quot;}\" data-widget_type=\"heading.default\">\n\t\t\t\t<div class=\"elementor-widget-container\">\n\t\t\t<style>\/*! elementor - v3.15.0 - 09-08-2023 *\/\n.elementor-heading-title{padding:0;margin:0;line-height:1}.elementor-widget-heading .elementor-heading-title[class*=elementor-size-]>a{color:inherit;font-size:inherit;line-height:inherit}.elementor-widget-heading .elementor-heading-title.elementor-size-small{font-size:15px}.elementor-widget-heading .elementor-heading-title.elementor-size-medium{font-size:19px}.elementor-widget-heading .elementor-heading-title.elementor-size-large{font-size:29px}.elementor-widget-heading .elementor-heading-title.elementor-size-xl{font-size:39px}.elementor-widget-heading .elementor-heading-title.elementor-size-xxl{font-size:59px}<\/style><h2 class=\"elementor-heading-title elementor-size-default\">Our Lastest Posts<\/h2>\t\t<\/div>\n\t\t\t\t<\/div>\n\t\t\t\t<div class=\"elementor-element elementor-element-27cf98b elementor-widget-divider--view-line_icon elementor-view-default elementor-widget-divider--element-align-center elementor-widget elementor-widget-divider\" data-id=\"27cf98b\" data-element_type=\"widget\" data-settings=\"{&quot;ekit_we_effect_on&quot;:&quot;none&quot;}\" data-widget_type=\"divider.default\">\n\t\t\t\t<div class=\"elementor-widget-container\">\n\t\t\t<style>\/*! elementor - v3.15.0 - 09-08-2023 *\/\n.elementor-widget-divider{--divider-border-style:none;--divider-border-width:1px;--divider-color:#0c0d0e;--divider-icon-size:20px;--divider-element-spacing:10px;--divider-pattern-height:24px;--divider-pattern-size:20px;--divider-pattern-url:none;--divider-pattern-repeat:repeat-x}.elementor-widget-divider .elementor-divider{display:flex}.elementor-widget-divider .elementor-divider__text{font-size:15px;line-height:1;max-width:95%}.elementor-widget-divider .elementor-divider__element{margin:0 var(--divider-element-spacing);flex-shrink:0}.elementor-widget-divider .elementor-icon{font-size:var(--divider-icon-size)}.elementor-widget-divider .elementor-divider-separator{display:flex;margin:0;direction:ltr}.elementor-widget-divider--view-line_icon .elementor-divider-separator,.elementor-widget-divider--view-line_text .elementor-divider-separator{align-items:center}.elementor-widget-divider--view-line_icon .elementor-divider-separator:after,.elementor-widget-divider--view-line_icon .elementor-divider-separator:before,.elementor-widget-divider--view-line_text .elementor-divider-separator:after,.elementor-widget-divider--view-line_text .elementor-divider-separator:before{display:block;content:\"\";border-bottom:0;flex-grow:1;border-top:var(--divider-border-width) var(--divider-border-style) var(--divider-color)}.elementor-widget-divider--element-align-left .elementor-divider .elementor-divider-separator>.elementor-divider__svg:first-of-type{flex-grow:0;flex-shrink:100}.elementor-widget-divider--element-align-left .elementor-divider-separator:before{content:none}.elementor-widget-divider--element-align-left .elementor-divider__element{margin-left:0}.elementor-widget-divider--element-align-right .elementor-divider .elementor-divider-separator>.elementor-divider__svg:last-of-type{flex-grow:0;flex-shrink:100}.elementor-widget-divider--element-align-right .elementor-divider-separator:after{content:none}.elementor-widget-divider--element-align-right .elementor-divider__element{margin-right:0}.elementor-widget-divider:not(.elementor-widget-divider--view-line_text):not(.elementor-widget-divider--view-line_icon) .elementor-divider-separator{border-top:var(--divider-border-width) var(--divider-border-style) var(--divider-color)}.elementor-widget-divider--separator-type-pattern{--divider-border-style:none}.elementor-widget-divider--separator-type-pattern.elementor-widget-divider--view-line .elementor-divider-separator,.elementor-widget-divider--separator-type-pattern:not(.elementor-widget-divider--view-line) .elementor-divider-separator:after,.elementor-widget-divider--separator-type-pattern:not(.elementor-widget-divider--view-line) .elementor-divider-separator:before,.elementor-widget-divider--separator-type-pattern:not([class*=elementor-widget-divider--view]) .elementor-divider-separator{width:100%;min-height:var(--divider-pattern-height);-webkit-mask-size:var(--divider-pattern-size) 100%;mask-size:var(--divider-pattern-size) 100%;-webkit-mask-repeat:var(--divider-pattern-repeat);mask-repeat:var(--divider-pattern-repeat);background-color:var(--divider-color);-webkit-mask-image:var(--divider-pattern-url);mask-image:var(--divider-pattern-url)}.elementor-widget-divider--no-spacing{--divider-pattern-size:auto}.elementor-widget-divider--bg-round{--divider-pattern-repeat:round}.rtl .elementor-widget-divider .elementor-divider__text{direction:rtl}.e-con-inner>.elementor-widget-divider,.e-con>.elementor-widget-divider{width:var(--container-widget-width,100%);--flex-grow:var(--container-widget-flex-grow)}<\/style>\t\t<div class=\"elementor-divider\">\n\t\t\t<span class=\"elementor-divider-separator\">\n\t\t\t\t\t\t\t<div class=\"elementor-icon elementor-divider__element\">\n\t\t\t\t\t<i aria-hidden=\"true\" class=\"icon icon-tooth-2\"><\/i><\/div>\n\t\t\t\t\t\t<\/span>\n\t\t<\/div>\n\t\t\t\t<\/div>\n\t\t\t\t<\/div>\n\t\t\t\t\t<\/div>\n\t\t<\/div>\n\t\t\t\t\t\t\t<\/div>\n\t\t<\/section>\n\t\t\t\t<div class=\"elementor-element elementor-element-4450ac4 elementor-grid-3 elementor-grid-tablet-2 elementor-grid-mobile-1 elementor-posts--thumbnail-top elementor-card-shadow-yes elementor-posts__hover-gradient elementor-widget elementor-widget-posts\" data-id=\"4450ac4\" data-element_type=\"widget\" data-settings=\"{&quot;cards_columns&quot;:&quot;3&quot;,&quot;cards_columns_tablet&quot;:&quot;2&quot;,&quot;cards_columns_mobile&quot;:&quot;1&quot;,&quot;cards_row_gap&quot;:{&quot;unit&quot;:&quot;px&quot;,&quot;size&quot;:35,&quot;sizes&quot;:[]},&quot;cards_row_gap_tablet&quot;:{&quot;unit&quot;:&quot;px&quot;,&quot;size&quot;:&quot;&quot;,&quot;sizes&quot;:[]},&quot;cards_row_gap_mobile&quot;:{&quot;unit&quot;:&quot;px&quot;,&quot;size&quot;:&quot;&quot;,&quot;sizes&quot;:[]},&quot;ekit_we_effect_on&quot;:&quot;none&quot;}\" data-widget_type=\"posts.cards\">\n\t\t\t\t<div class=\"elementor-widget-container\">\n\t\t\t<link rel=\"stylesheet\" href=\"https:\/\/dfdentalcare.com\/wp-content\/plugins\/elementor-pro\/assets\/css\/widget-posts.min.css\">\t\t<div class=\"elementor-posts-container elementor-posts elementor-posts--skin-cards elementor-grid\">\n\t\t\t\t<article class=\"elementor-post elementor-grid-item post-1260 post type-post status-publish format-standard hentry category-uncategorized\">\n\t\t\t<div class=\"elementor-post__card\">\n\t\t\t\t<div class=\"elementor-post__text\">\n\t\t\t\t<h3 class=\"elementor-post__title\">\n\t\t\t<a href=\"https:\/\/dfdentalcare.com\/index.php\/2026\/05\/13\/%cf%84%ce%b9-%ce%bd%ce%b1-%cf%80%ce%b5%cf%81%ce%b9%ce%bc%ce%ad%ce%bd%ce%b5%cf%84%ce%b5-%cf%8c%cf%84%ce%b1%ce%bd-%cf%83%cf%85%ce%bd%ce%b4%ce%ad%ce%b5%cf%83%cf%84%ce%b5-%ce%b3%ce%b9%ce%b1-%cf%80%cf%81\/\" >\n\t\t\t\t\u03a4\u03b9 \u03bd\u03b1 \u03c0\u03b5\u03c1\u03b9\u03bc\u03ad\u03bd\u03b5\u03c4\u03b5 \u03cc\u03c4\u03b1\u03bd \u03c3\u03c5\u03bd\u03b4\u03ad\u03b5\u03c3\u03c4\u03b5 \u03b3\u03b9\u03b1 \u03c0\u03c1\u03ce\u03c4\u03b7 \u03c6\u03bf\u03c1\u03ac \u03c3\u03c4\u03bf SG Casino Login\t\t\t<\/a>\n\t\t<\/h3>\n\t\t\t\t<div class=\"elementor-post__excerpt\">\n\t\t\t<p>\u0391\u03bd \u03c3\u03ba\u03bf\u03c0\u03b5\u03cd\u03b5\u03c4\u03b5 \u03bd\u03b1 \u03c3\u03c5\u03bd\u03b4\u03b5\u03b8\u03b5\u03af\u03c4\u03b5 \u03b3\u03b9\u03b1 \u03c0\u03c1\u03ce\u03c4\u03b7 \u03c6\u03bf\u03c1\u03ac \u03c3\u03c4\u03bf SG Casino Login, \u03ad\u03c7\u03b5\u03c4\u03b5 \u03ad\u03c1\u03b8\u03b5\u03b9 \u03c3\u03c4\u03bf \u03c3\u03c9\u03c3\u03c4\u03cc \u03bc\u03ad\u03c1\u03bf\u03c2. \u03a3\u03b5 \u03b1\u03c5\u03c4\u03cc \u03c4\u03bf \u03ac\u03c1\u03b8\u03c1\u03bf, \u03b8\u03b1 \u03b5\u03be\u03b5\u03c1\u03b5\u03c5\u03bd\u03ae\u03c3\u03bf\u03c5\u03bc\u03b5 \u03cc\u03bb\u03b1 \u03cc\u03c3\u03b1 \u03c0\u03c1\u03ad\u03c0\u03b5\u03b9 \u03bd\u03b1 \u03b3\u03bd\u03c9\u03c1\u03af\u03b6\u03b5\u03c4\u03b5 \u03c0\u03c1\u03b9\u03bd \u03ba\u03ac\u03bd\u03b5\u03c4\u03b5 \u03c4\u03b7\u03bd \u03c0\u03c1\u03ce\u03c4\u03b7 \u03c3\u03b1\u03c2 \u03b5\u03af\u03c3\u03bf\u03b4\u03bf \u03c3\u03c4\u03bf SG Casino. \u0391\u03c0\u03cc \u03c4\u03b7 \u03b4\u03b9\u03b1\u03b4\u03b9\u03ba\u03b1\u03c3\u03af\u03b1 \u03c3\u03cd\u03bd\u03b4\u03b5\u03c3\u03b7\u03c2 \u03bc\u03ad\u03c7\u03c1\u03b9 \u03c4\u03b1 \u03c7\u03b1\u03c1\u03b1\u03ba\u03c4\u03b7\u03c1\u03b9\u03c3\u03c4\u03b9\u03ba\u03ac \u03c4\u03c9\u03bd \u03c0\u03b1\u03b9\u03c7\u03bd\u03b9\u03b4\u03b9\u03ce\u03bd \u03ba\u03b1\u03b9 \u03c4\u03b9\u03c2 \u03b4\u03b9\u03b1\u03b8\u03ad\u03c3\u03b9\u03bc\u03b5\u03c2 \u03c0\u03c1\u03bf\u03c3\u03c6\u03bf\u03c1\u03ad\u03c2, \u03b8\u03b1<\/p>\n\t\t<\/div>\n\t\t\n\t\t<a class=\"elementor-post__read-more\" href=\"https:\/\/dfdentalcare.com\/index.php\/2026\/05\/13\/%cf%84%ce%b9-%ce%bd%ce%b1-%cf%80%ce%b5%cf%81%ce%b9%ce%bc%ce%ad%ce%bd%ce%b5%cf%84%ce%b5-%cf%8c%cf%84%ce%b1%ce%bd-%cf%83%cf%85%ce%bd%ce%b4%ce%ad%ce%b5%cf%83%cf%84%ce%b5-%ce%b3%ce%b9%ce%b1-%cf%80%cf%81\/\" aria-label=\"Read more about \u03a4\u03b9 \u03bd\u03b1 \u03c0\u03b5\u03c1\u03b9\u03bc\u03ad\u03bd\u03b5\u03c4\u03b5 \u03cc\u03c4\u03b1\u03bd \u03c3\u03c5\u03bd\u03b4\u03ad\u03b5\u03c3\u03c4\u03b5 \u03b3\u03b9\u03b1 \u03c0\u03c1\u03ce\u03c4\u03b7 \u03c6\u03bf\u03c1\u03ac \u03c3\u03c4\u03bf SG Casino Login\" >\n\t\t\tRead More \u00bb\t\t<\/a>\n\n\t\t\t\t<\/div>\n\t\t\t\t<div class=\"elementor-post__meta-data\">\n\t\t\t\t\t<span class=\"elementor-post-date\">\n\t\t\tMay 13, 2026\t\t<\/span>\n\t\t\t\t<\/div>\n\t\t\t\t\t<\/div>\n\t\t<\/article>\n\t\t\t\t<article class=\"elementor-post elementor-grid-item post-1257 post type-post status-publish format-standard hentry category-uncategorized\">\n\t\t\t<div class=\"elementor-post__card\">\n\t\t\t\t<div class=\"elementor-post__text\">\n\t\t\t\t<h3 class=\"elementor-post__title\">\n\t\t\t<a href=\"https:\/\/dfdentalcare.com\/index.php\/2026\/05\/13\/ontdek-de-spannende-wereld-van-poker-starcasino-en-hoe-je-kunt-winnen\/\" >\n\t\t\t\tOntdek de spannende wereld van poker starcasino en hoe je kunt winnen\t\t\t<\/a>\n\t\t<\/h3>\n\t\t\t\t<div class=\"elementor-post__excerpt\">\n\t\t\t<p>In dit artikel verkennen we de fascinerende wereld van poker starcasino en delen we waardevolle inzichten over hoe je kunt winnen. Met een combinatie van feitelijke informatie en authentieke spelerservaringen, bieden we een uitgebreid overzicht van wat dit online pokerplatform te bieden heeft. Of je nu een beginner bent of<\/p>\n\t\t<\/div>\n\t\t\n\t\t<a class=\"elementor-post__read-more\" href=\"https:\/\/dfdentalcare.com\/index.php\/2026\/05\/13\/ontdek-de-spannende-wereld-van-poker-starcasino-en-hoe-je-kunt-winnen\/\" aria-label=\"Read more about Ontdek de spannende wereld van poker starcasino en hoe je kunt winnen\" >\n\t\t\tRead More \u00bb\t\t<\/a>\n\n\t\t\t\t<\/div>\n\t\t\t\t<div class=\"elementor-post__meta-data\">\n\t\t\t\t\t<span class=\"elementor-post-date\">\n\t\t\tMay 13, 2026\t\t<\/span>\n\t\t\t\t<\/div>\n\t\t\t\t\t<\/div>\n\t\t<\/article>\n\t\t\t\t<article class=\"elementor-post elementor-grid-item post-1255 post type-post status-publish format-standard hentry category-uncategorized\">\n\t\t\t<div class=\"elementor-post__card\">\n\t\t\t\t<div class=\"elementor-post__text\">\n\t\t\t\t<h3 class=\"elementor-post__title\">\n\t\t\t<a href=\"https:\/\/dfdentalcare.com\/index.php\/2026\/05\/13\/fenikss-kazino-atsauksmes-un-ka-tas-var-palidzet-izveleties-labako-vietu\/\" >\n\t\t\t\tFenikss kazino atsauksmes un k\u0101 t\u0101s var pal\u012bdz\u0113t izv\u0113l\u0113ties lab\u0101ko vietu\t\t\t<\/a>\n\t\t<\/h3>\n\t\t\t\t<div class=\"elementor-post__excerpt\">\n\t\t\t<p>\u0160aj\u0101 rakst\u0101 m\u0113s izp\u0113t\u012bsim Fenikss kazino atsauksmes un to, k\u0101 t\u0101s var ietekm\u0113t j\u016bsu izv\u0113li par lab\u0101ko sp\u0113\u013cu vietu. Apskat\u012bsim da\u017e\u0101dus aspektus, tostarp sp\u0113\u013cu pied\u0101v\u0101jumu, bonusa iesp\u0113jas un sp\u0113l\u0113t\u0101ju pieredzi, kas \u013caus jums pie\u0146emt inform\u0113tu l\u0113mumu. Ja v\u0113laties uzzin\u0101t vair\u0101k par fenikss sp\u0113\u013cu z\u0101l\u0113m, turpiniet las\u012bt! Fenikss kazino pied\u0101v\u0101jums: sp\u0113\u013cu<\/p>\n\t\t<\/div>\n\t\t\n\t\t<a class=\"elementor-post__read-more\" href=\"https:\/\/dfdentalcare.com\/index.php\/2026\/05\/13\/fenikss-kazino-atsauksmes-un-ka-tas-var-palidzet-izveleties-labako-vietu\/\" aria-label=\"Read more about Fenikss kazino atsauksmes un k\u0101 t\u0101s var pal\u012bdz\u0113t izv\u0113l\u0113ties lab\u0101ko vietu\" >\n\t\t\tRead More \u00bb\t\t<\/a>\n\n\t\t\t\t<\/div>\n\t\t\t\t<div class=\"elementor-post__meta-data\">\n\t\t\t\t\t<span class=\"elementor-post-date\">\n\t\t\tMay 13, 2026\t\t<\/span>\n\t\t\t\t<\/div>\n\t\t\t\t\t<\/div>\n\t\t<\/article>\n\t\t\t\t<article class=\"elementor-post elementor-grid-item post-1253 post type-post status-publish format-standard hentry category-uncategorized\">\n\t\t\t<div class=\"elementor-post__card\">\n\t\t\t\t<div class=\"elementor-post__text\">\n\t\t\t\t<h3 class=\"elementor-post__title\">\n\t\t\t<a href=\"https:\/\/dfdentalcare.com\/index.php\/2026\/05\/13\/mellstroy-game-casino-eriparad-ja-mangijate-toelised-kogemused\/\" >\n\t\t\t\tMellstroy Game Casino Erip\u00e4rad ja M\u00e4ngijate T\u00f5elised Kogemused\t\t\t<\/a>\n\t\t<\/h3>\n\t\t\t\t<div class=\"elementor-post__excerpt\">\n\t\t\t<p>Artikkel uurib Mellstroy Game Casino erip\u00e4rasid ning toob esile m\u00e4ngijate t\u00f5elised kogemused ja arvamused. Anal\u00fc\u00fcsime, mida m\u00e4ngijad arvavad m\u00e4ngude valikust, kasutajaliidesest, boonustest ja klienditoest. Samuti vaatame, kuidas need tegurid m\u00f5jutavad m\u00e4ngijate rahulolu ja kaasatust. Mellstroy Game Casino \u00dclevaade ja Ajalugu M\u00e4ngude Valik ja Kvaliteet: Mida M\u00e4ngijad Arvavad? Boonused ja Kampaaniad:<\/p>\n\t\t<\/div>\n\t\t\n\t\t<a class=\"elementor-post__read-more\" href=\"https:\/\/dfdentalcare.com\/index.php\/2026\/05\/13\/mellstroy-game-casino-eriparad-ja-mangijate-toelised-kogemused\/\" aria-label=\"Read more about Mellstroy Game Casino Erip\u00e4rad ja M\u00e4ngijate T\u00f5elised Kogemused\" >\n\t\t\tRead More \u00bb\t\t<\/a>\n\n\t\t\t\t<\/div>\n\t\t\t\t<div class=\"elementor-post__meta-data\">\n\t\t\t\t\t<span class=\"elementor-post-date\">\n\t\t\tMay 13, 2026\t\t<\/span>\n\t\t\t\t<\/div>\n\t\t\t\t\t<\/div>\n\t\t<\/article>\n\t\t\t\t<article class=\"elementor-post elementor-grid-item post-1251 post type-post status-publish format-standard hentry category-uncategorized\">\n\t\t\t<div class=\"elementor-post__card\">\n\t\t\t\t<div class=\"elementor-post__text\">\n\t\t\t\t<h3 class=\"elementor-post__title\">\n\t\t\t<a href=\"https:\/\/dfdentalcare.com\/index.php\/2026\/05\/13\/een-uitgebreide-goldrun-casino-review-voor-nieuwe-spelers\/\" >\n\t\t\t\tEen uitgebreide Goldrun Casino review voor nieuwe spelers\t\t\t<\/a>\n\t\t<\/h3>\n\t\t\t\t<div class=\"elementor-post__excerpt\">\n\t\t\t<p>In deze uitgebreide review van het Goldrun Casino zullen we de verschillende aspecten van dit online casino onder de loep nemen. Van de aangeboden spellen tot de bonussen en de gebruikerservaring, we delen waardevolle inzichten die nieuwe spelers zullen helpen bij hun keuze. Aan de hand van echte speler getuigenissen<\/p>\n\t\t<\/div>\n\t\t\n\t\t<a class=\"elementor-post__read-more\" href=\"https:\/\/dfdentalcare.com\/index.php\/2026\/05\/13\/een-uitgebreide-goldrun-casino-review-voor-nieuwe-spelers\/\" aria-label=\"Read more about Een uitgebreide Goldrun Casino review voor nieuwe spelers\" >\n\t\t\tRead More \u00bb\t\t<\/a>\n\n\t\t\t\t<\/div>\n\t\t\t\t<div class=\"elementor-post__meta-data\">\n\t\t\t\t\t<span class=\"elementor-post-date\">\n\t\t\tMay 13, 2026\t\t<\/span>\n\t\t\t\t<\/div>\n\t\t\t\t\t<\/div>\n\t\t<\/article>\n\t\t\t\t<article class=\"elementor-post elementor-grid-item post-1249 post type-post status-publish format-standard hentry category-uncategorized\">\n\t\t\t<div class=\"elementor-post__card\">\n\t\t\t\t<div class=\"elementor-post__text\">\n\t\t\t\t<h3 class=\"elementor-post__title\">\n\t\t\t<a href=\"https:\/\/dfdentalcare.com\/index.php\/2026\/05\/12\/how-to-effectively-leverage-500-casino-bonus-for-big-wins\/\" >\n\t\t\t\tHow to Effectively Leverage 500 Casino Bonus for Big Wins\t\t\t<\/a>\n\t\t<\/h3>\n\t\t\t\t<div class=\"elementor-post__excerpt\">\n\t\t\t<p>In the world of online gaming, the right bonuses can significantly enhance your chances of winning big. This article will guide you on how to effectively leverage a 500 casino bonus to maximize your potential returns. From understanding the terms of your bonus to employing strategic gameplay, we will explore<\/p>\n\t\t<\/div>\n\t\t\n\t\t<a class=\"elementor-post__read-more\" href=\"https:\/\/dfdentalcare.com\/index.php\/2026\/05\/12\/how-to-effectively-leverage-500-casino-bonus-for-big-wins\/\" aria-label=\"Read more about How to Effectively Leverage 500 Casino Bonus for Big Wins\" >\n\t\t\tRead More \u00bb\t\t<\/a>\n\n\t\t\t\t<\/div>\n\t\t\t\t<div class=\"elementor-post__meta-data\">\n\t\t\t\t\t<span class=\"elementor-post-date\">\n\t\t\tMay 12, 2026\t\t<\/span>\n\t\t\t\t<\/div>\n\t\t\t\t\t<\/div>\n\t\t<\/article>\n\t\t\t\t<\/div>\n\t\t\n\t\t\t\t<\/div>\n\t\t\t\t<\/div>\n\t\t\t\t\t<\/div>\n\t\t<\/div>\n\t\t\t\t\t\t\t<\/div>\n\t\t<\/section>\n\t\t\t\t\t\t\t<\/div>\n\t\t","protected":false},"excerpt":{"rendered":"<p>Our Lastest Posts<\/p>\n","protected":false},"author":1,"featured_media":0,"parent":0,"menu_order":0,"comment_status":"closed","ping_status":"closed","template":"elementor_header_footer","meta":{"footnotes":""},"class_list":["post-257","page","type-page","status-publish","hentry"],"_links":{"self":[{"href":"https:\/\/dfdentalcare.com\/index.php\/wp-json\/wp\/v2\/pages\/257","targetHints":{"allow":["GET"]}}],"collection":[{"href":"https:\/\/dfdentalcare.com\/index.php\/wp-json\/wp\/v2\/pages"}],"about":[{"href":"https:\/\/dfdentalcare.com\/index.php\/wp-json\/wp\/v2\/types\/page"}],"author":[{"embeddable":true,"href":"https:\/\/dfdentalcare.com\/index.php\/wp-json\/wp\/v2\/users\/1"}],"replies":[{"embeddable":true,"href":"https:\/\/dfdentalcare.com\/index.php\/wp-json\/wp\/v2\/comments?post=257"}],"version-history":[{"count":16,"href":"https:\/\/dfdentalcare.com\/index.php\/wp-json\/wp\/v2\/pages\/257\/revisions"}],"predecessor-version":[{"id":358,"href":"https:\/\/dfdentalcare.com\/index.php\/wp-json\/wp\/v2\/pages\/257\/revisions\/358"}],"wp:attachment":[{"href":"https:\/\/dfdentalcare.com\/index.php\/wp-json\/wp\/v2\/media?parent=257"}],"curies":[{"name":"wp","href":"https:\/\/api.w.org\/{rel}","templated":true}]}}